{"id":21,"date":"2025-02-08T12:13:13","date_gmt":"2025-02-08T12:13:13","guid":{"rendered":"http:\/\/multipurpose-32.ziptemplates.top\/?page_id=21"},"modified":"2025-02-12T16:15:26","modified_gmt":"2025-02-12T15:15:26","slug":"about","status":"publish","type":"page","link":"https:\/\/wedivetogether.fr\/en\/about\/","title":{"rendered":"About"},"content":{"rendered":"<div class=\"wp-block-uagb-container uagb-layout-grid uagb-block-861c71f8 alignfull uagb-is-root-container\"><div class=\"uagb-container-inner-blocks-wrap\">\n<div class=\"wp-block-uagb-advanced-heading uagb-block-269a3267\"><h1 class=\"uagb-heading-text\">D\u00e9couvrez la plong\u00e9e avec nous !<\/h1><\/div>\n\n\n\n<div class=\"wp-block-uagb-image uagb-block-cc953da3 wp-block-uagb-image--layout-default wp-block-uagb-image--effect-static wp-block-uagb-image--align-none\"><figure class=\"wp-block-uagb-image__figure\"><img decoding=\"async\" srcset=\"https:\/\/wedivetogether.fr\/wp-content\/uploads\/2025\/02\/blue-water-near-white-rocky-mountain-3046638.jpeg ,https:\/\/wedivetogether.fr\/wp-content\/uploads\/2025\/02\/blue-water-near-white-rocky-mountain-3046638.jpeg 780w, https:\/\/wedivetogether.fr\/wp-content\/uploads\/2025\/02\/blue-water-near-white-rocky-mountain-3046638.jpeg 360w\" sizes=\"auto, (max-width: 480px) 150px\" src=\"https:\/\/wedivetogether.fr\/wp-content\/uploads\/2025\/02\/blue-water-near-white-rocky-mountain-3046638.jpeg\" alt=\"\" class=\"uag-image-332\" width=\"800\" height=\"500\" title=\"about-bg\" loading=\"lazy\" role=\"img\"\/><\/figure><\/div>\n<\/div><\/div>\n\n\n\n<div class=\"wp-block-uagb-container uagb-block-8af37a54 alignfull uagb-is-root-container\"><div class=\"uagb-container-inner-blocks-wrap\">\n<div class=\"wp-block-uagb-advanced-heading uagb-block-6950e8e0\"><h2 class=\"uagb-heading-text\">A propos de nous<\/h2><\/div>\n\n\n\n<div class=\"wp-block-uagb-info-box uagb-block-69e924c0 uagb-infobox__content-wrap  uagb-infobox-icon-above-title uagb-infobox-image-valign-top\"><div class=\"uagb-ifb-content\"><div class=\"uagb-ifb-title-wrap\"><h3 class=\"uagb-ifb-title-prefix\">Votre partenaire en e-learning<\/h3><p class=\"uagb-ifb-title\"> Se consacre \u00e0 fournir une formation de plong\u00e9e de qualit\u00e9 via une exp\u00e9rience e-learning immersive. Nos clients ont appr\u00e9ci\u00e9 notre approche enrichissante et interactive, ce qui leur a permis d&rsquo;acqu\u00e9rir des comp\u00e9tences solides et une meilleure compr\u00e9hension du milieu marin.<\/p><\/div><p class=\"uagb-ifb-desc\">Nous avons aid\u00e9 de nombreux plongeurs \u00e0 se pr\u00e9parer efficacement pour leurs aventures sous-marines, garantissant ainsi des plong\u00e9es riches et enrichissantes.<\/p><\/div><\/div>\n<\/div><\/div>\n\n\n\n<div class=\"wp-block-uagb-container uagb-block-c0243b08 alignfull uagb-is-root-container\"><div class=\"uagb-container-inner-blocks-wrap\">\n<div class=\"wp-block-uagb-image uagb-block-7022f48d wp-block-uagb-image--layout-default wp-block-uagb-image--effect-static wp-block-uagb-image--align-none uag-blocks-common-selector\" style=\"--z-index-desktop:1;;--z-index-tablet:undefined;;--z-index-mobile:undefined;\"><figure class=\"wp-block-uagb-image__figure\"><img decoding=\"async\" srcset=\"https:\/\/wedivetogether.fr\/wp-content\/uploads\/2025\/02\/selective-focus-photography-of-octopus-3046629.jpeg ,https:\/\/wedivetogether.fr\/wp-content\/uploads\/2025\/02\/selective-focus-photography-of-octopus-3046629.jpeg 780w, https:\/\/wedivetogether.fr\/wp-content\/uploads\/2025\/02\/selective-focus-photography-of-octopus-3046629.jpeg 360w\" sizes=\"auto, (max-width: 480px) 150px\" src=\"https:\/\/wedivetogether.fr\/wp-content\/uploads\/2025\/02\/selective-focus-photography-of-octopus-3046629.jpeg\" alt=\"\" class=\"uag-image-328\" width=\"1200\" height=\"450\" title=\"who-we-are\" loading=\"lazy\" role=\"img\"\/><\/figure><\/div>\n\n\n\n<div class=\"wp-block-uagb-advanced-heading uagb-block-fb25c115\"><h2 class=\"uagb-heading-text\">Un apprentissage immersif pour les passionn\u00e9es de plong\u00e9e<\/h2><\/div>\n\n\n\n<div class=\"wp-block-uagb-container uagb-block-494d221e\">\n<div class=\"wp-block-uagb-container uagb-block-73cf9e23\">\n<div class=\"wp-block-uagb-icon-list uagb-block-3a9da422\"><div class=\"uagb-icon-list__wrap\">\n<div class=\"wp-block-uagb-icon-list-child uagb-block-42843833\"><span class=\"uagb-icon-list__source-wrap\"><svg xmlns=\"https:\/\/www.w3.org\/2000\/svg\" viewbox=\"0 0 512 512\"><path d=\"M0 256C0 114.6 114.6 0 256 0C397.4 0 512 114.6 512 256C512 397.4 397.4 512 256 512C114.6 512 0 397.4 0 256zM256 352C309 352 352 309 352 256C352 202.1 309 160 256 160C202.1 160 160 202.1 160 256C160 309 202.1 352 256 352z\"><\/path><\/svg><\/span><span class=\"uagb-icon-list__label\">Ann\u00e9es d&rsquo;exp\u00e9rience<\/span><\/div>\n<\/div><\/div>\n\n\n\n<div class=\"wp-block-uagb-advanced-heading uagb-block-a2717360\"><p class=\"uagb-heading-text\">15<\/p><p class=\"uagb-desc-text\">Dans cette partie, nous d\u00e9crivons ce qui rend votre entreprise unique et la valeur que les gens obtiennent en utilisant vos produits ou services par rapport \u00e0 ceux de la concurrence.<\/p><\/div>\n<\/div>\n\n\n\n<div class=\"wp-block-uagb-container uagb-block-0bdeda31\">\n<div class=\"wp-block-uagb-icon-list uagb-block-4abeaf65\"><div class=\"uagb-icon-list__wrap\">\n<div class=\"wp-block-uagb-icon-list-child uagb-block-94e579da\"><span class=\"uagb-icon-list__source-wrap\"><svg xmlns=\"https:\/\/www.w3.org\/2000\/svg\" viewbox=\"0 0 512 512\"><path d=\"M0 256C0 114.6 114.6 0 256 0C397.4 0 512 114.6 512 256C512 397.4 397.4 512 256 512C114.6 512 0 397.4 0 256zM256 352C309 352 352 309 352 256C352 202.1 309 160 256 160C202.1 160 160 202.1 160 256C160 309 202.1 352 256 352z\"><\/path><\/svg><\/span><span class=\"uagb-icon-list__label\">Taux de satisfaction<\/span><\/div>\n<\/div><\/div>\n\n\n\n<div class=\"wp-block-uagb-advanced-heading uagb-block-e940bf75\"><p class=\"uagb-heading-text\">98%<\/p><p class=\"uagb-desc-text\">Dans cette partie, nous \u251c\u00aecrirons ce qui rend votre entreprise unique et le gain  que les gens obtiennent en utilisant nos produits ou services par rapport \u00e0 ceux de la concurrence.<\/p><\/div>\n<\/div>\n\n\n\n<div class=\"wp-block-uagb-container uagb-block-7d5c737b\">\n<div class=\"wp-block-uagb-icon-list uagb-block-019ec0b2\"><div class=\"uagb-icon-list__wrap\">\n<div class=\"wp-block-uagb-icon-list-child uagb-block-33f49684\"><span class=\"uagb-icon-list__source-wrap\"><svg xmlns=\"https:\/\/www.w3.org\/2000\/svg\" viewbox=\"0 0 512 512\"><path d=\"M0 256C0 114.6 114.6 0 256 0C397.4 0 512 114.6 512 256C512 397.4 397.4 512 256 512C114.6 512 0 397.4 0 256zM256 352C309 352 352 309 352 256C352 202.1 309 160 256 160C202.1 160 160 202.1 160 256C160 309 202.1 352 256 352z\"><\/path><\/svg><\/span><span class=\"uagb-icon-list__label\">Consultation depuis<\/span><\/div>\n<\/div><\/div>\n\n\n\n<div class=\"wp-block-uagb-advanced-heading uagb-block-ab97b53b\"><p class=\"uagb-heading-text\">2012<\/p><p class=\"uagb-desc-text\">Dans cette partie, nous \u00e9crirons ce qui rend votre entreprise unique et la valeur que les gens obtiennent en utilisant vos produits ou services par rapport \u00e0 ceux de la concurrence.<\/p><\/div>\n<\/div>\n<\/div>\n<\/div><\/div>\n\n\n\n<div class=\"wp-block-uagb-container uagb-block-283d2971 alignfull uagb-is-root-container\"><div class=\"uagb-container-inner-blocks-wrap\">\n<div class=\"wp-block-uagb-info-box uagb-block-82d1d57c uagb-infobox__content-wrap  uagb-infobox-icon-above-title uagb-infobox-image-valign-top\"><div class=\"uagb-ifb-content\"><div class=\"uagb-ifb-title-wrap\"><h2 class=\"uagb-ifb-title\">Pr\u00eat \u00e0 explorer les profondeurs marines avec nous ?<\/h2><\/div><p class=\"uagb-ifb-desc\">Inscrivez vous d\u00e8s aujourd&rsquo;hui pour acc\u00e9der \u00e0 notre plateforme d&rsquo;e-learning plong\u00e9e<\/p><div class=\"uagb-ifb-button-wrapper wp-block-button\"><a href=\"\/en\/contact\/\" class=\"uagb-infobox-cta-link wp-block-button__link\" target=\"_self\" rel=\"noopener noreferrer\" onclick=\"return true;\"><span class=\"uagb-inline-editing\">Commencer maintenant<\/span><\/a><\/div><\/div><\/div>\n<\/div><\/div>","protected":false},"excerpt":{"rendered":"<p>D\u00e9couvrez la plong\u00e9e avec nous ! A propos de nous Un apprentissage immersif pour les passionn\u00e9es de plong\u00e9e 15 Dans [&hellip;]<\/p>","protected":false},"author":1,"featured_media":0,"parent":0,"menu_order":0,"comment_status":"closed","ping_status":"closed","template":"","meta":{"_uag_custom_page_level_css":"","site-sidebar-layout":"default","site-content-layout":"","ast-site-content-layout":"","site-content-style":"default","site-sidebar-style":"default","ast-global-header-display":"","ast-banner-title-visibility":"","ast-main-header-display":"","ast-hfb-above-header-display":"","ast-hfb-below-header-display":"","ast-hfb-mobile-header-display":"","site-post-title":"disabled","ast-breadcrumbs-content":"","ast-featured-img":"","footer-sml-layout":"","theme-transparent-header-meta":"","adv-header-id-meta":"","stick-header-meta":"","header-above-stick-meta":"","header-main-stick-meta":"","header-below-stick-meta":"","astra-migrate-meta-layouts":"default","ast-page-background-enabled":"default","ast-page-background-meta":{"desktop":{"background-color":"var(--ast-global-color-5)","background-image":"","background-repeat":"repeat","background-position":"center center","background-size":"auto","background-attachment":"scroll","background-type":"","background-media":"","overlay-type":"","overlay-color":"","overlay-opacity":"","overlay-gradient":""},"tablet":{"background-color":"","background-image":"","background-repeat":"repeat","background-position":"center center","background-size":"auto","background-attachment":"scroll","background-type":"","background-media":"","overlay-type":"","overlay-color":"","overlay-opacity":"","overlay-gradient":""},"mobile":{"background-color":"","background-image":"","background-repeat":"repeat","background-position":"center center","background-size":"auto","background-attachment":"scroll","background-type":"","background-media":"","overlay-type":"","overlay-color":"","overlay-opacity":"","overlay-gradient":""}},"ast-content-background-meta":{"desktop":{"background-color":"var(--ast-global-color-4)","background-image":"","background-repeat":"repeat","background-position":"center center","background-size":"auto","background-attachment":"scroll","background-type":"","background-media":"","overlay-type":"","overlay-color":"","overlay-opacity":"","overlay-gradient":""},"tablet":{"background-color":"var(--ast-global-color-4)","background-image":"","background-repeat":"repeat","background-position":"center center","background-size":"auto","background-attachment":"scroll","background-type":"","background-media":"","overlay-type":"","overlay-color":"","overlay-opacity":"","overlay-gradient":""},"mobile":{"background-color":"var(--ast-global-color-4)","background-image":"","background-repeat":"repeat","background-position":"center center","background-size":"auto","background-attachment":"scroll","background-type":"","background-media":"","overlay-type":"","overlay-color":"","overlay-opacity":"","overlay-gradient":""}},"footnotes":""},"class_list":["post-21","page","type-page","status-publish","hentry"],"uagb_featured_image_src":{"full":false,"thumbnail":false,"medium":false,"medium_large":false,"large":false,"1536x1536":false,"2048x2048":false,"trp-custom-language-flag":false},"uagb_author_info":{"display_name":"wedivetogether","author_link":"https:\/\/wedivetogether.fr\/en\/author\/wedivetogether\/"},"uagb_comment_info":0,"uagb_excerpt":"D\u00e9couvrez la plong\u00e9e avec nous ! A propos de nous Un apprentissage immersif pour les passionn\u00e9es de plong\u00e9e 15 Dans [&hellip;]","_links":{"self":[{"href":"https:\/\/wedivetogether.fr\/en\/wp-json\/wp\/v2\/pages\/21","targetHints":{"allow":["GET"]}}],"collection":[{"href":"https:\/\/wedivetogether.fr\/en\/wp-json\/wp\/v2\/pages"}],"about":[{"href":"https:\/\/wedivetogether.fr\/en\/wp-json\/wp\/v2\/types\/page"}],"author":[{"embeddable":true,"href":"https:\/\/wedivetogether.fr\/en\/wp-json\/wp\/v2\/users\/1"}],"replies":[{"embeddable":true,"href":"https:\/\/wedivetogether.fr\/en\/wp-json\/wp\/v2\/comments?post=21"}],"version-history":[{"count":4,"href":"https:\/\/wedivetogether.fr\/en\/wp-json\/wp\/v2\/pages\/21\/revisions"}],"predecessor-version":[{"id":442,"href":"https:\/\/wedivetogether.fr\/en\/wp-json\/wp\/v2\/pages\/21\/revisions\/442"}],"wp:attachment":[{"href":"https:\/\/wedivetogether.fr\/en\/wp-json\/wp\/v2\/media?parent=21"}],"curies":[{"name":"wp","href":"https:\/\/api.w.org\/{rel}","templated":true}]}}