{"id":31,"date":"2025-02-08T12:13:12","date_gmt":"2025-02-08T12:13:12","guid":{"rendered":"http:\/\/multipurpose-32.ziptemplates.top\/?page_id=31"},"modified":"2025-02-10T18:04:47","modified_gmt":"2025-02-10T17:04:47","slug":"contact","status":"publish","type":"page","link":"https:\/\/wedivetogether.fr\/en\/contact\/","title":{"rendered":"Contact"},"content":{"rendered":"<div class=\"wp-block-uagb-container uagb-layout-grid uagb-block-861c71f8 alignfull uagb-is-root-container\"><div class=\"uagb-container-inner-blocks-wrap\">\n<div class=\"wp-block-uagb-advanced-heading uagb-block-269a3267\"><h1 class=\"uagb-heading-text\">Nous Contacter Facilement<\/h1><\/div>\n\n\n\n<div class=\"wp-block-uagb-image uagb-block-cc953da3 wp-block-uagb-image--layout-default wp-block-uagb-image--effect-static wp-block-uagb-image--align-none uag-blocks-common-selector\" style=\"--z-index-desktop:1;;--z-index-tablet:undefined;;--z-index-mobile:undefined;\"><figure class=\"wp-block-uagb-image__figure\"><img decoding=\"async\" srcset=\"https:\/\/wedivetogether.fr\/wp-content\/uploads\/2025\/02\/photo-of-scuba-divers-on-boat-3113238.jpeg ,https:\/\/wedivetogether.fr\/wp-content\/uploads\/2025\/02\/photo-of-scuba-divers-on-boat-3113238.jpeg 780w, https:\/\/wedivetogether.fr\/wp-content\/uploads\/2025\/02\/photo-of-scuba-divers-on-boat-3113238.jpeg 360w\" sizes=\"auto, (max-width: 480px) 150px\" src=\"https:\/\/wedivetogether.fr\/wp-content\/uploads\/2025\/02\/photo-of-scuba-divers-on-boat-3113238.jpeg\" alt=\"\" class=\"uag-image-331\" width=\"800\" height=\"500\" title=\"contact-bg\" loading=\"lazy\" role=\"img\"\/><\/figure><\/div>\n<\/div><\/div>\n\n\n\n<div class=\"wp-block-uagb-container uagb-block-6593d39a alignfull uagb-is-root-container\"><div class=\"uagb-container-inner-blocks-wrap\">\n<div class=\"wp-block-uagb-advanced-heading uagb-block-02e782d1\"><h2 class=\"uagb-heading-text\">Nos Bureaux<\/h2><p class=\"uagb-desc-text\">Contactez-nous \u00e0 nos diff\u00e9rentes adresses pour toute information ou assistance.<\/p><\/div>\n\n\n\n<div class=\"wp-block-uagb-container uagb-layout-grid uagb-block-92a0800c\">\t\t\t<div class=\"srfm-form-container srfm-form-container-318 srfm-bg-color\">\n\t\t\t<style>\n\t\t\t\t\/* Need to check and remove the input variables related to the Style Tab. *\/\n\t\t\t\t.srfm-form-container-318 {\n\t\t\t\t\t\/* New test variables *\/\n\t\t\t\t\t--srfm-color-scheme-primary: var(--ast-global-color-1);\n\t\t\t\t\t--srfm-color-scheme-text-on-primary: #FFFFFF;\n\t\t\t\t\t--srfm-color-scheme-text: var(--ast-global-color-2);\n\n\t\t\t\t\t--srfm-color-input-label: var(--ast-global-color-2);\n\t\t\t\t\t--srfm-color-input-description: hsl( from var(--ast-global-color-2) h s l \/ 0.65 );\n\t\t\t\t\t--srfm-color-input-placeholder: hsl( from var(--ast-global-color-2) h s l \/ 0.5 );\n\t\t\t\t\t--srfm-color-input-text: var(--ast-global-color-2);\n\t\t\t\t\t--srfm-color-input-prefix: hsl( from var(--ast-global-color-2) h s l \/ 0.65 );\n\t\t\t\t\t--srfm-color-input-background: hsl( from var(--ast-global-color-2) h s l \/ 0.02 );\n\t\t\t\t\t--srfm-color-input-background-hover: hsl( from var(--ast-global-color-2) h s l \/ 0.05 );\n\t\t\t\t\t--srfm-color-input-background-disabled: hsl( from var(--ast-global-color-2) h s l \/ 0.05 );\n\t\t\t\t\t--srfm-color-input-border: hsl( from var(--ast-global-color-2) h s l \/ 0.25 );\n\t\t\t\t\t--srfm-color-input-border-disabled: hsl( from var(--ast-global-color-2) h s l \/ 0.15 );\n\t\t\t\t\t--srfm-color-multi-choice-svg: hsl( from var(--ast-global-color-2) h s l \/ 0.7 );\n\t\t\t\t\t--srfm-color-input-border-hover: hsl( from var(--ast-global-color-1) h s l \/ 0.65 );\n\t\t\t\t\t--srfm-color-input-border-focus-glow: hsl( from var(--ast-global-color-1) h s l \/ 0.15 );\n\t\t\t\t\t--srfm-color-input-selected: hsl( from var(--ast-global-color-1) h s l \/ 0.1 );\n\t\t\t\t\t--srfm-btn-color-hover: hsl( from var(--ast-global-color-1) h s l \/ 0.9 );\n\t\t\t\t\t--srfm-btn-color-disabled: hsl( from var(--ast-global-color-1) h s l \/ 0.25 );\n\n\t\t\t\t\t\/* Dropdown Variables *\/\n\t\t\t\t\t--srfm-dropdown-input-background-hover: hsl( from var(--ast-global-color-2) h s l \/ 0.05 );\n\t\t\t\t\t--srfm-dropdown-option-background-hover: hsl( from var(--ast-global-color-2) h s l \/ 0.10 );\n\t\t\t\t\t--srfm-dropdown-option-background-selected: hsl( from var(--ast-global-color-2) h s l \/ 0.05 );\n\t\t\t\t\t--srfm-dropdown-option-selected-icon: hsl( from var(--ast-global-color-2) h s l \/ 0.65 );\n\t\t\t\t\t--srfm-dropdown-option-text-color: hsl( from var(--ast-global-color-2) h s l \/ 0.80 );\n\t\t\t\t\t--srfm-dropdown-option-selected-text: var(--ast-global-color-2);\n\t\t\t\t\t--srfm-dropdown-badge-background: hsl( from var(--ast-global-color-2) h s l \/ 0.05 );\n\t\t\t\t\t--srfm-dropdown-badge-background-hover: hsl( from var(--ast-global-color-2) h s l \/ 0.10 );\n\t\t\t\t\t--srfm-dropdown-menu-border-color: hsl( from var(--ast-global-color-2) h s l \/ 0.10 );\n\t\t\t\t\t--srfm-dropdown-placeholder-color: hsl( from var(--ast-global-color-2) h s l \/ 0.50 );\n\t\t\t\t\t--srfm-dropdown-icon-color: hsl( from var(--ast-global-color-2) h s l \/ 0.65 );\n\t\t\t\t\t--srfm-dropdown-icon-disabled: hsl( from var(--ast-global-color-2) h s l \/ 0.25 );\n\t\t\t\t\t\/* Background Control Variables *\/\n\t\t\t\t\t--srfm-bg-overlay-opacity: 1;\t\t\t\t\t--srfm-row-gap-between-blocks: 18px;--srfm-col-gap-between-fields: 16px;--srfm-row-gap-between-fields: 16px;--srfm-gap-below-address-label: 14px;--srfm-dropdown-font-size: 14px;--srfm-dropdown-gap-between-input-menu: 4px;--srfm-dropdown-badge-padding: 2px 6px;--srfm-dropdown-multiselect-font-size: 12px;--srfm-dropdown-multiselect-line-height: 16px;--srfm-dropdown-padding-right: 12px;--srfm-dropdown-padding-right-icon: calc( var( --srfm-dropdown-padding-right ) + 20px );--srfm-dropdown-multiselect-padding: 8px var( --srfm-dropdown-padding-right-icon ) 8px 8px;--srfm-input-height: 44px;--srfm-input-field-padding: 10px 12px;--srfm-input-field-font-size: 16px;--srfm-input-field-line-height: 24px;--srfm-input-field-margin: 6px 0;--srfm-check-ctn-width: 16px;--srfm-check-ctn-height: 16px;--srfm-check-svg-size: 10px;--srfm-checkbox-margin-top-frontend: 4px;--srfm-checkbox-margin-top-editor: 6px;--srfm-check-gap: 8px;--srfm-checkbox-description-margin-left: 24px;--srfm-flag-section-padding: 10px 0 10px 12px;--srfm-gap-between-icon-text: 8px;--srfm-label-font-size: 16px;--srfm-label-line-height: 24px;--srfm-description-font-size: 14px;--srfm-description-line-height: 20px;--srfm-btn-padding: 10px 14px;--srfm-btn-font-size: 16px;--srfm-btn-line-height: 24px;--srfm-multi-choice-horizontal-padding: 20px;--srfm-multi-choice-vertical-padding: 20px;--srfm-multi-choice-internal-option-gap: 8px;--srfm-multi-choice-vertical-svg-size: 40px;--srfm-multi-choice-horizontal-image-size: 24px;--srfm-multi-choice-vertical-image-size: 120px;--srfm-multi-choice-outer-padding: 2px;\t\t\t\t}\n\t\t\t<\/style>\n\t\t\t\t\t\t\t<form method=\"post\" enctype=\"multipart\/form-data\" id=\"srfm-form-318\" class=\"srfm-form\"\n\t\t\t\tform-id=\"318\" after-submission=\"hide form\" message-type=\"same page\" success-url=\"\" ajaxurl=\"https:\/\/wedivetogether.fr\/wp-admin\/admin-ajax.php\" nonce=\"43e0172686\" action=\"\"\n\t\t\t\t>\n\t\t\t\t<input type=\"hidden\" id=\"sureforms_form_submit\" name=\"sureforms_form_submit\" value=\"4013317361\" \/><input type=\"hidden\" name=\"_wp_http_referer\" value=\"\/en\/wp-json\/wp\/v2\/pages\/31\" \/>\n\t\t\t\t<input type=\"hidden\" value=\"318\" name=\"form-id\">\n\t\t\t\t<input type=\"hidden\" value=\"\" name=\"srfm-sender-email-field\" id=\"srfm-sender-email\">\n\t\t\t\t<input type=\"hidden\" value=\"\" id=\"srfm-page-break\">\n\t\t\t\t\t\t\t\t\t\t\t<div data-block-id=\"de008ee7\" class=\"srfm-block-single srfm-block srfm-input-block srf-input-de008ee7-block srfm-block-width-50 318\">\n\t\t\t\t\t\t\t\t\t\t<div class=\"srfm-block-wrap\">\n\t\t\t\t<input class=\"srfm-input-common srfm-input-input\" type=\"text\" name=\"srfm-input-de008ee7-lbl-UHLDqW5vbQ-first-name\" id=\"srfm-input-de008ee7-lbl-UHLDqW5vbQ\"\n\t\t\t\t\taria-describedby='srfm-error-de008ee7'\t\t\t\t\tdata-required=\"false\" data-unique=\"false\" maxlength=\"100\" value=\"\"  placeholder=\"Pr\u00e9nom\"  data-srfm-mask=\"none\"  \/>\n\t\t\t\t<\/div>\n\t\t\t\t<div class=\"srfm-error-wrap\">\n\t\t\t\t\t<div class=\"srfm-error-message\" data-srfm-id=\"srfm-error-de008ee7\" data-error-msg=\"Ce champ est requis.\" data-unique-msg=\"La valeur doit \u00eatre unique.\">Ce champ est requis.<\/div>\t\t\t\t<\/div>\n\t\t\t<\/div>\n\t\t\r\n\r\n\t\t\t<div data-block-id=\"b66700c6\" class=\"srfm-block-single srfm-block srfm-input-block srf-input-b66700c6-block srfm-block-width-50 318\">\n\t\t\t\t\t\t\t\t\t\t<div class=\"srfm-block-wrap\">\n\t\t\t\t<input class=\"srfm-input-common srfm-input-input\" type=\"text\" name=\"srfm-input-b66700c6-lbl-Tm9tIGRlIGZhbWlsbGU-last-name\" id=\"srfm-input-b66700c6-lbl-Tm9tIGRlIGZhbWlsbGU\"\n\t\t\t\t\taria-describedby='srfm-error-b66700c6'\t\t\t\t\tdata-required=\"false\" data-unique=\"false\" maxlength=\"100\" value=\"\"  placeholder=\"Nom de famille\"  data-srfm-mask=\"none\"  \/>\n\t\t\t\t<\/div>\n\t\t\t\t<div class=\"srfm-error-wrap\">\n\t\t\t\t\t<div class=\"srfm-error-message\" data-srfm-id=\"srfm-error-b66700c6\" data-error-msg=\"Ce champ est requis.\" data-unique-msg=\"La valeur doit \u00eatre unique.\">Ce champ est requis.<\/div>\t\t\t\t<\/div>\n\t\t\t<\/div>\n\t\t\r\n\r\n\t\t\t<div data-block-id=\"04e12426\" class=\"srfm-block-single srfm-block srfm-email-block-wrap srfm-block-width-100 318\">\n\t\t\t\t<div class=\"srfm-email-block srf-email-04e12426-block\">\n\t\t\t\t\t\t\t\t\t\t\t\t\t\t\t<div class=\"srfm-block-wrap\">\n\t\t\t\t\t\t<input class=\"srfm-input-common srfm-input-email\" type=\"email\" name=\"srfm-email-04e12426-lbl-QWRyZXNzZSBlLW1haWw-email-address\" id=\"srfm-email-04e12426-lbl-QWRyZXNzZSBlLW1haWw\"\n\t\t\t\t\t\taria-describedby='srfm-error-04e12426'\t\t\t\t\t\tdata-required=\"false\" data-unique=\"false\" value=\"\"  placeholder=\"Adresse e-mail\"  \/>\n\t\t\t\t\t<\/div>\n\t\t\t\t\t<div class=\"srfm-error-wrap\">\n\t\t\t\t\t\t<div class=\"srfm-error-message\" data-srfm-id=\"srfm-error-04e12426\" data-error-msg=\"Ce champ est requis.\" data-unique-msg=\"La valeur doit \u00eatre unique.\">Ce champ est requis.<\/div>\t\t\t\t\t<\/div>\n\t\t\t\t<\/div>\n\t\t\t\t\t\t\t<\/div>\n\t\t\r\n\r\n\t\t<div data-block-id=\"4e09a4ed\" class=\"srfm-block-single srfm-block srfm-textarea-block srf-textarea-4e09a4ed-block srfm-block-width-100 318\">\n\t\t\t\t\t\t\t\t\t<div class=\"srfm-block-wrap\">\n\t\t\t\t<textarea class=\"srfm-input-common srfm-input-textarea\" name=\"srfm-textarea-4e09a4ed-lbl-VGFwZXogdm90cmUgbWVzc2FnZS4uLg-type-your-message\" id=\"srfm-textarea-4e09a4ed-lbl-VGFwZXogdm90cmUgbWVzc2FnZS4uLg\"\n\t\t\t\taria-describedby='srfm-error-4e09a4ed'\t\t\t\tdata-required=\"false\"  rows=\"4\"   placeholder=\"Tapez votre message...\" ><\/textarea>\n\t\t\t<\/div>\n\t\t\t<div class=\"srfm-error-wrap\">\n\t\t\t\t\t\t\t<\/div>\n\t\t<\/div>\n\n\t\t\t\t\t\t\t\t\t\t\t\n\t\t\t\t\t\n\t\t\t\t\t<div class=\"srfm-submit-container\">\n\t\t\t\t\t\t<div style=\"width: ; text-align: left\" class=\"wp-block-button\">\n\t\t\t\t\t\t<button style=\"width:\" id=\"srfm-submit-btn\"class=\"srfm-btn-frontend srfm-button srfm-submit-button\"\n\t\t\t\t\t\t\t\t\t\t\t\t>\n\t\t\t\t\t\t\t<div class=\"srfm-submit-wrap\">\n\t\t\t\t\t\t\t\tSoumettre\t\t\t\t\t\t\t<div class=\"srfm-loader\"><\/div>\n\t\t\t\t\t\t\t<\/div>\n\t\t\t\t\t\t<\/button>\n\t\t\t\t\t\t<\/div>\n\t\t\t\t\t<\/div>\n\t\t\t\t\t\t\t\t<p id=\"srfm-error-message\" class=\"srfm-error-message\" hidden=\"true\">There was an error trying to submit your form. Please try again.<\/p>\n\t\t\t<input type=\"hidden\" name=\"trp-form-language\" value=\"en\"\/><\/form>\n\t\t\t<div class=\"srfm-single-form srfm-success-box in-page\">\n\t\t\t\t<div aria-live=\"polite\" aria-atomic=\"true\" role=\"alert\" id=\"srfm-success-message-page-318\" class=\"srfm-success-box-description\"><\/div>\n\t\t\t<\/div>\n\t\t\t\t\t\t<\/div>\n\t\t\n\n\n\n<div class=\"wp-block-uagb-container uagb-layout-grid uagb-block-0160abb2\">\n<div class=\"wp-block-uagb-container uagb-block-82dbe7d6\">\n<div class=\"wp-block-uagb-advanced-heading uagb-block-23585fad\"><div class=\"uagb-heading-text\">Bureau Leucate<\/div><\/div>\n\n\n\n<div class=\"wp-block-uagb-icon-list uagb-block-0057172c\"><div class=\"uagb-icon-list__wrap\">\n<div class=\"wp-block-uagb-icon-list-child uagb-block-d1c4c808\"><span class=\"uagb-icon-list__label\">Avenue du Rec de l&rsquo;Entr\u00e9e, 11370 Leucate<\/span><\/div>\n\n\n\n<div class=\"wp-block-uagb-icon-list-child uagb-block-603d8972\"><span class=\"uagb-icon-list__label\">06.09.95.71.70<\/span><\/div>\n\n\n\n<div class=\"wp-block-uagb-icon-list-child uagb-block-c3202eea\"><span class=\"uagb-icon-list__label\">info@leucateplongee.fr<\/span><\/div>\n<\/div><\/div>\n<\/div>\n\n\n\n<div class=\"wp-block-uagb-container uagb-block-68d12953\">\n<div class=\"wp-block-uagb-advanced-heading uagb-block-9ecd0b57\"><div class=\"uagb-heading-text\">Bureau Toulouse<\/div><\/div>\n\n\n\n<div class=\"wp-block-uagb-icon-list uagb-block-d879ea20\"><div class=\"uagb-icon-list__wrap\">\n<div class=\"wp-block-uagb-icon-list-child uagb-block-3af761f5\"><span class=\"uagb-icon-list__label\">contact@wedivetogether.fr<\/span><\/div>\n\n\n\n<div class=\"wp-block-uagb-icon-list-child uagb-block-0f1436f2\"><\/div>\n\n\n\n<div class=\"wp-block-uagb-icon-list-child uagb-block-458501b0\"><\/div>\n<\/div><\/div>\n<\/div>\n\n\n\n<div class=\"wp-block-uagb-container uagb-block-a2691d5a\">\n<div class=\"wp-block-uagb-advanced-heading uagb-block-41720934\"><div class=\"uagb-heading-text\">Bureau Fakarava<\/div><\/div>\n\n\n\n<div class=\"wp-block-uagb-icon-list uagb-block-025eb594\"><div class=\"uagb-icon-list__wrap\">\n<div class=\"wp-block-uagb-icon-list-child uagb-block-71fb2955\"><span class=\"uagb-icon-list__label\">Passe du requin gris<\/span><\/div>\n\n\n\n<div class=\"wp-block-uagb-icon-list-child uagb-block-270e7a39\"><span class=\"uagb-icon-list__label\">202-555-0188<\/span><\/div>\n\n\n\n<div class=\"wp-block-uagb-icon-list-child uagb-block-8765bae9\"><span class=\"uagb-icon-list__label\">onest partout@wedivetogether.fr<\/span><\/div>\n<\/div><\/div>\n<\/div>\n\n\n\n<div class=\"wp-block-uagb-container uagb-block-3a79edd0\"><\/div>\n<\/div>\n<\/div>\n<\/div><\/div>\n\n\n\n<div class=\"wp-block-uagb-container uagb-block-283d2971 alignfull uagb-is-root-container\"><div class=\"uagb-container-inner-blocks-wrap\">\n<div class=\"wp-block-uagb-info-box uagb-block-82d1d57c uagb-infobox__content-wrap  uagb-infobox-icon-above-title uagb-infobox-image-valign-top\"><div class=\"uagb-ifb-content\"><div class=\"uagb-ifb-title-wrap\"><h2 class=\"uagb-ifb-title\">Pr\u00eat \u00e0 explorer les profondeurs marines avec nous ?<\/h2><\/div><p class=\"uagb-ifb-desc\">Inscrivez vous d\u00e8s aujourd&rsquo;hui pour acc\u00e9der \u00e0 notre plateforme d&rsquo;e-learning plong\u00e9e<\/p><div class=\"uagb-ifb-button-wrapper wp-block-button\"><a href=\"\/en\/contact\/\" class=\"uagb-infobox-cta-link wp-block-button__link\" target=\"_self\" rel=\"noopener noreferrer\" onclick=\"return true;\"><span class=\"uagb-inline-editing\">Commencer maintenant<\/span><\/a><\/div><\/div><\/div>\n<\/div><\/div>","protected":false},"excerpt":{"rendered":"<p>Nous Contacter Facilement Nos Bureaux Contactez-nous \u00e0 nos diff\u00e9rentes adresses pour toute information ou assistance. Bureau Leucate Bureau Toulouse Bureau [&hellip;]<\/p>","protected":false},"author":1,"featured_media":0,"parent":0,"menu_order":0,"comment_status":"closed","ping_status":"closed","template":"","meta":{"_uag_custom_page_level_css":"","site-sidebar-layout":"default","site-content-layout":"","ast-site-content-layout":"","site-content-style":"default","site-sidebar-style":"default","ast-global-header-display":"","ast-banner-title-visibility":"","ast-main-header-display":"","ast-hfb-above-header-display":"","ast-hfb-below-header-display":"","ast-hfb-mobile-header-display":"","site-post-title":"disabled","ast-breadcrumbs-content":"","ast-featured-img":"","footer-sml-layout":"","theme-transparent-header-meta":"","adv-header-id-meta":"","stick-header-meta":"","header-above-stick-meta":"","header-main-stick-meta":"","header-below-stick-meta":"","astra-migrate-meta-layouts":"default","ast-page-background-enabled":"default","ast-page-background-meta":{"desktop":{"background-color":"var(--ast-global-color-5)","background-image":"","background-repeat":"repeat","background-position":"center center","background-size":"auto","background-attachment":"scroll","background-type":"","background-media":"","overlay-type":"","overlay-color":"","overlay-opacity":"","overlay-gradient":""},"tablet":{"background-color":"","background-image":"","background-repeat":"repeat","background-position":"center center","background-size":"auto","background-attachment":"scroll","background-type":"","background-media":"","overlay-type":"","overlay-color":"","overlay-opacity":"","overlay-gradient":""},"mobile":{"background-color":"","background-image":"","background-repeat":"repeat","background-position":"center center","background-size":"auto","background-attachment":"scroll","background-type":"","background-media":"","overlay-type":"","overlay-color":"","overlay-opacity":"","overlay-gradient":""}},"ast-content-background-meta":{"desktop":{"background-color":"var(--ast-global-color-4)","background-image":"","background-repeat":"repeat","background-position":"center center","background-size":"auto","background-attachment":"scroll","background-type":"","background-media":"","overlay-type":"","overlay-color":"","overlay-opacity":"","overlay-gradient":""},"tablet":{"background-color":"var(--ast-global-color-4)","background-image":"","background-repeat":"repeat","background-position":"center center","background-size":"auto","background-attachment":"scroll","background-type":"","background-media":"","overlay-type":"","overlay-color":"","overlay-opacity":"","overlay-gradient":""},"mobile":{"background-color":"var(--ast-global-color-4)","background-image":"","background-repeat":"repeat","background-position":"center center","background-size":"auto","background-attachment":"scroll","background-type":"","background-media":"","overlay-type":"","overlay-color":"","overlay-opacity":"","overlay-gradient":""}},"footnotes":""},"class_list":["post-31","page","type-page","status-publish","hentry"],"uagb_featured_image_src":{"full":false,"thumbnail":false,"medium":false,"medium_large":false,"large":false,"1536x1536":false,"2048x2048":false,"trp-custom-language-flag":false},"uagb_author_info":{"display_name":"wedivetogether","author_link":"https:\/\/wedivetogether.fr\/en\/author\/wedivetogether\/"},"uagb_comment_info":0,"uagb_excerpt":"Nous Contacter Facilement Nos Bureaux Contactez-nous \u00e0 nos diff\u00e9rentes adresses pour toute information ou assistance. Bureau Leucate Bureau Toulouse Bureau [&hellip;]","_links":{"self":[{"href":"https:\/\/wedivetogether.fr\/en\/wp-json\/wp\/v2\/pages\/31","targetHints":{"allow":["GET"]}}],"collection":[{"href":"https:\/\/wedivetogether.fr\/en\/wp-json\/wp\/v2\/pages"}],"about":[{"href":"https:\/\/wedivetogether.fr\/en\/wp-json\/wp\/v2\/types\/page"}],"author":[{"embeddable":true,"href":"https:\/\/wedivetogether.fr\/en\/wp-json\/wp\/v2\/users\/1"}],"replies":[{"embeddable":true,"href":"https:\/\/wedivetogether.fr\/en\/wp-json\/wp\/v2\/comments?post=31"}],"version-history":[{"count":3,"href":"https:\/\/wedivetogether.fr\/en\/wp-json\/wp\/v2\/pages\/31\/revisions"}],"predecessor-version":[{"id":399,"href":"https:\/\/wedivetogether.fr\/en\/wp-json\/wp\/v2\/pages\/31\/revisions\/399"}],"wp:attachment":[{"href":"https:\/\/wedivetogether.fr\/en\/wp-json\/wp\/v2\/media?parent=31"}],"curies":[{"name":"wp","href":"https:\/\/api.w.org\/{rel}","templated":true}]}}